{"id":33351,"date":"2024-12-07T09:14:22","date_gmt":"2024-12-07T09:14:22","guid":{"rendered":"https:\/\/superblenders.com\/product\/philips-taegliche-kollektion-hr7310-00\/"},"modified":"2024-12-07T09:14:22","modified_gmt":"2024-12-07T09:14:22","slug":"philips-taegliche-kollektion-hr7310-00","status":"publish","type":"product","link":"https:\/\/superblenders.com\/de\/product\/philips-taegliche-kollektion-hr7310-00\/","title":{"rendered":"Philips T\u00e4gliche Kollektion HR7310\/00"},"content":{"rendered":"<h2><b>Een tijdbesparende Keukenhulp<\/b><\/h2>\n<p>Sie haben die M\u00f6glichkeit zu reisen. Glauben Sie, dass das ein Problem ist? Mit dem Philips Daily Collection HR7310\/00 ist das m\u00f6glich. Die Maschine ist ein wahres Wunderwerk, denn sie bietet Ihnen alles, was Sie brauchen. Mit dieser Keukenmaschine k\u00f6nnen Sie die Zeit \u00fcberbr\u00fccken, wenn Sie in einer Handmaschine alle Werkzeuge f\u00fcr Ihre Arbeit ben\u00f6tigen. Mit einem krachtigen 700-Watt-Motor k\u00f6nnen Sie in einer kurzen Zeitspanne mehr Klicks als mit der Hand machen. Und das ist alles, was Sie brauchen. Der Apparat ist kompakt und passt perfekt in Ihre Wohnung, so dass Sie schnell an den Strand gehen k\u00f6nnen.       <\/p>\n<h2><b>Gezond eten makkelijker maken<\/b><\/h2>\n<p>M\u00f6chten Sie etwas essen, aber haben Sie genug davon, jeden Tag zu essen und Fr\u00fcchte zu ernten? Die Philips Daily Collection hilft Ihnen dabei. Wenn Sie mit dieser K\u00fcchenmaschine eine Vielzahl von M\u00f6glichkeiten haben, um zu messen und zu kochen, k\u00f6nnen Sie wunderbar Lebensmittel raspeln, Obst putzen und Tee trinken. Das macht den Verzehr von Saaten, So\u00dfen und Salaten zu einem wahren Gl\u00fccksfall. Die Philips Daily Collection motiviert Sie, mit verschiedenen Zutaten zu kochen, denn sie ist sehr einfach in der Anwendung und bietet eine Vielzahl von Funktionen. Sie erhalten neue Produkte und Beh\u00e4lter, so dass Sie viel weniger Geld ausgeben m\u00fcssen.     <\/p>\n<h2><b>Sch\u00f6n und angenehm in der Toilette<\/b><\/h2>\n<p>Wenn Sie nicht gerade ein neues Ger\u00e4t haben, k\u00f6nnen Sie mit der Philips Daily Collection HR7310\/00 eine Menge Geld sparen. Mit nur einem Handgriff k\u00f6nnen Sie alle Funktionen nutzen, die Sie vom Hacken bis zum Kn\u00fcpfen ben\u00f6tigen, und zwar auf jeder Seite. In Abgrenzung zu anderen Keukenmachines, versimpelt Philips Ihren Kookervaring, um ihn auf die Kwaliteit zu \u00fcbertragen. Daher sollten Sie auf ingewikkeldes und unauff\u00e4lliges Kochen verzichten. Sie werden von einem Moment auf den anderen in der K\u00fcche stehen und leckere Speisen zubereiten k\u00f6nnen.    <\/p>\n<h2><b>Onderhoud zonder stress<\/b><\/h2>\n<p>Jeder wei\u00df, wie verzweifelt man sein kann, wenn es darum geht, einen gro\u00dfen Sprung zu machen. Daran hat Philips gedacht. Alle anderen Ger\u00e4te der Philips Daily Collection HR7310\/00 sind f\u00fcr die Verwendung mit Wasser ausgelegt. Das bedeutet f\u00fcr Sie: mehr Zeit, um Ihre Mahlzeiten zu genie\u00dfen, und weniger Zeit, um sich mit dem Essen zu besch\u00e4ftigen. Wenn Sie das transparente und langlebige Zubeh\u00f6r reinigen, ist Ihre Toilette hygienisch und langlebig, so dass Sie sich darauf verlassen k\u00f6nnen, dass Sie mehr leisten k\u00f6nnen.    <\/p>\n<h2><b>Investieren Sie in Ihr Geld<\/b><\/h2>\n<p>Misschien loop je nu nog genoegen mis door in de keuken te worstelen met oude apparatuur. Der Philips Daily Collection HR7310\/00 kann das verhindern. Mit seinen vielf\u00e4ltigen Funktionen und seiner freundlichen Bedienung verwandelt er Ihren K\u00fchlschrank in einen professionellen Arbeitsplatz. Lassen Sie kein anderes Unternehmen mehr an sich heran. Wenn Sie in die Philips Daily Collection investieren, investieren Sie in mehr Freude an Ihren Schuhen. Erleben Sie selbst die Vorz\u00fcge einer Kaffeemaschine, die Ihre t\u00e4gliche K\u00fcchenarbeit erleichtert. Starten Sie jetzt mit der Philips Daily Collection HR7310\/00 und erleben Sie eine neue Welt des K\u00f6chelns!      <\/p>\n","protected":false},"excerpt":{"rendered":"<p>Die Philips Daily Collection HR7310\/00 macht das Kochen zu einem leckeren Vergn\u00fcgen. Mit dieser Keukenmaschine k\u00f6nnen Sie alle Zutaten m\u00fchelos verarbeiten. Pr\u00fcfen Sie, wie diese vielseitige Maschine Ihre Keukenavonturen verbietet.  <\/p>\n","protected":false},"featured_media":33176,"comment_status":"open","ping_status":"closed","template":"","meta":[],"product_brand":[],"product_cat":[157],"product_tag":[],"class_list":{"0":"post-33351","1":"product","2":"type-product","3":"status-publish","4":"has-post-thumbnail","6":"product_cat-lebensmittelverarbeitungsmaschinen","9":"first","10":"instock","11":"shipping-taxable","12":"product-type-external"},"yoast_head":"<!-- This site is optimized with the Yoast SEO plugin v27.3 - https:\/\/yoast.com\/product\/yoast-seo-wordpress\/ -->\n<title>Philips Daily Collection HR7310\/00 kopen | Superblenders<\/title>\n<meta name=\"description\" content=\"M\u00f6chten Sie die Philips Daily Collection HR7310\/00 kaufen? Dann kaufen Sie diese wichtige K\u00fcchenmaschine zum Mixen, Kneten und Klopfen. Ihr ultimatives K\u00fcchenger\u00e4t wartet auf Sie.\" \/>\n<meta name=\"robots\" content=\"index, follow, max-snippet:-1, max-image-preview:large, max-video-preview:-1\" \/>\n<link rel=\"canonical\" href=\"https:\/\/superblenders.com\/de\/product\/philips-taegliche-kollektion-hr7310-00\/\" \/>\n<meta property=\"og:locale\" content=\"de_DE\" \/>\n<meta property=\"og:type\" content=\"article\" \/>\n<meta property=\"og:title\" content=\"Philips Daily Collection HR7310\/00 kopen | Superblenders\" \/>\n<meta property=\"og:description\" content=\"M\u00f6chten Sie die Philips Daily Collection HR7310\/00 kaufen? Dann kaufen Sie diese wichtige K\u00fcchenmaschine zum Mixen, Kneten und Klopfen. Ihr ultimatives K\u00fcchenger\u00e4t wartet auf Sie.\" \/>\n<meta property=\"og:url\" content=\"https:\/\/superblenders.com\/de\/product\/philips-taegliche-kollektion-hr7310-00\/\" \/>\n<meta property=\"og:site_name\" content=\"Superblenders\" \/>\n<meta property=\"og:image\" content=\"https:\/\/superblenders.com\/wp-content\/uploads\/2024\/12\/Philips-Daily-Collection-HR731000.webp\" \/>\n\t<meta property=\"og:image:width\" content=\"231\" \/>\n\t<meta property=\"og:image:height\" content=\"340\" \/>\n\t<meta property=\"og:image:type\" content=\"image\/webp\" \/>\n<meta name=\"twitter:card\" content=\"summary_large_image\" \/>\n<meta name=\"twitter:label1\" content=\"Gesch\u00e4tzte Lesezeit\" \/>\n\t<meta name=\"twitter:data1\" content=\"3\u00a0Minuten\" \/>\n<script type=\"application\/ld+json\" class=\"yoast-schema-graph\">{\"@context\":\"https:\\\/\\\/schema.org\",\"@graph\":[{\"@type\":\"WebPage\",\"@id\":\"https:\\\/\\\/superblenders.com\\\/de\\\/product\\\/philips-taegliche-kollektion-hr7310-00\\\/\",\"url\":\"https:\\\/\\\/superblenders.com\\\/de\\\/product\\\/philips-taegliche-kollektion-hr7310-00\\\/\",\"name\":\"Philips Daily Collection HR7310\\\/00 kopen | Superblenders\",\"isPartOf\":{\"@id\":\"https:\\\/\\\/superblenders.com\\\/#website\"},\"primaryImageOfPage\":{\"@id\":\"https:\\\/\\\/superblenders.com\\\/de\\\/product\\\/philips-taegliche-kollektion-hr7310-00\\\/#primaryimage\"},\"image\":{\"@id\":\"https:\\\/\\\/superblenders.com\\\/de\\\/product\\\/philips-taegliche-kollektion-hr7310-00\\\/#primaryimage\"},\"thumbnailUrl\":\"https:\\\/\\\/superblenders.com\\\/wp-content\\\/uploads\\\/2024\\\/12\\\/Philips-Daily-Collection-HR731000.webp\",\"datePublished\":\"2024-12-07T09:14:22+00:00\",\"description\":\"M\u00f6chten Sie die Philips Daily Collection HR7310\\\/00 kaufen? Dann kaufen Sie diese wichtige K\u00fcchenmaschine zum Mixen, Kneten und Klopfen. Ihr ultimatives K\u00fcchenger\u00e4t wartet auf Sie.\",\"breadcrumb\":{\"@id\":\"https:\\\/\\\/superblenders.com\\\/de\\\/product\\\/philips-taegliche-kollektion-hr7310-00\\\/#breadcrumb\"},\"inLanguage\":\"de\",\"potentialAction\":[{\"@type\":\"ReadAction\",\"target\":[\"https:\\\/\\\/superblenders.com\\\/de\\\/product\\\/philips-taegliche-kollektion-hr7310-00\\\/\"]}]},{\"@type\":\"ImageObject\",\"inLanguage\":\"de\",\"@id\":\"https:\\\/\\\/superblenders.com\\\/de\\\/product\\\/philips-taegliche-kollektion-hr7310-00\\\/#primaryimage\",\"url\":\"https:\\\/\\\/superblenders.com\\\/wp-content\\\/uploads\\\/2024\\\/12\\\/Philips-Daily-Collection-HR731000.webp\",\"contentUrl\":\"https:\\\/\\\/superblenders.com\\\/wp-content\\\/uploads\\\/2024\\\/12\\\/Philips-Daily-Collection-HR731000.webp\",\"width\":231,\"height\":340,\"caption\":\"Philips T\u00e4gliche Kollektion HR7310\\\/00\"},{\"@type\":\"BreadcrumbList\",\"@id\":\"https:\\\/\\\/superblenders.com\\\/de\\\/product\\\/philips-taegliche-kollektion-hr7310-00\\\/#breadcrumb\",\"itemListElement\":[{\"@type\":\"ListItem\",\"position\":1,\"name\":\"Home\",\"item\":\"https:\\\/\\\/superblenders.com\\\/de\\\/homepage\\\/\"},{\"@type\":\"ListItem\",\"position\":2,\"name\":\"Shop\",\"item\":\"https:\\\/\\\/superblenders.com\\\/shop\\\/\"},{\"@type\":\"ListItem\",\"position\":3,\"name\":\"Philips T\u00e4gliche Kollektion HR7310\\\/00\"}]},{\"@type\":\"WebSite\",\"@id\":\"https:\\\/\\\/superblenders.com\\\/#website\",\"url\":\"https:\\\/\\\/superblenders.com\\\/\",\"name\":\"Superblenders\",\"description\":\"Ontdek de blenders van Superblenders. Altijd perfect resultaat. Gezond, smaakvol, eenvoudig en multifunctioneel. \",\"potentialAction\":[{\"@type\":\"SearchAction\",\"target\":{\"@type\":\"EntryPoint\",\"urlTemplate\":\"https:\\\/\\\/superblenders.com\\\/?s={search_term_string}\"},\"query-input\":{\"@type\":\"PropertyValueSpecification\",\"valueRequired\":true,\"valueName\":\"search_term_string\"}}],\"inLanguage\":\"de\"}]}<\/script>\n<!-- \/ Yoast SEO plugin. -->","yoast_head_json":{"title":"Philips Daily Collection HR7310\/00 kopen | Superblenders","description":"M\u00f6chten Sie die Philips Daily Collection HR7310\/00 kaufen? Dann kaufen Sie diese wichtige K\u00fcchenmaschine zum Mixen, Kneten und Klopfen. Ihr ultimatives K\u00fcchenger\u00e4t wartet auf Sie.","robots":{"index":"index","follow":"follow","max-snippet":"max-snippet:-1","max-image-preview":"max-image-preview:large","max-video-preview":"max-video-preview:-1"},"canonical":"https:\/\/superblenders.com\/de\/product\/philips-taegliche-kollektion-hr7310-00\/","og_locale":"de_DE","og_type":"article","og_title":"Philips Daily Collection HR7310\/00 kopen | Superblenders","og_description":"M\u00f6chten Sie die Philips Daily Collection HR7310\/00 kaufen? Dann kaufen Sie diese wichtige K\u00fcchenmaschine zum Mixen, Kneten und Klopfen. Ihr ultimatives K\u00fcchenger\u00e4t wartet auf Sie.","og_url":"https:\/\/superblenders.com\/de\/product\/philips-taegliche-kollektion-hr7310-00\/","og_site_name":"Superblenders","og_image":[{"width":231,"height":340,"url":"https:\/\/superblenders.com\/wp-content\/uploads\/2024\/12\/Philips-Daily-Collection-HR731000.webp","type":"image\/webp"}],"twitter_card":"summary_large_image","twitter_misc":{"Gesch\u00e4tzte Lesezeit":"3\u00a0Minuten"},"schema":{"@context":"https:\/\/schema.org","@graph":[{"@type":"WebPage","@id":"https:\/\/superblenders.com\/de\/product\/philips-taegliche-kollektion-hr7310-00\/","url":"https:\/\/superblenders.com\/de\/product\/philips-taegliche-kollektion-hr7310-00\/","name":"Philips Daily Collection HR7310\/00 kopen | Superblenders","isPartOf":{"@id":"https:\/\/superblenders.com\/#website"},"primaryImageOfPage":{"@id":"https:\/\/superblenders.com\/de\/product\/philips-taegliche-kollektion-hr7310-00\/#primaryimage"},"image":{"@id":"https:\/\/superblenders.com\/de\/product\/philips-taegliche-kollektion-hr7310-00\/#primaryimage"},"thumbnailUrl":"https:\/\/superblenders.com\/wp-content\/uploads\/2024\/12\/Philips-Daily-Collection-HR731000.webp","datePublished":"2024-12-07T09:14:22+00:00","description":"M\u00f6chten Sie die Philips Daily Collection HR7310\/00 kaufen? Dann kaufen Sie diese wichtige K\u00fcchenmaschine zum Mixen, Kneten und Klopfen. Ihr ultimatives K\u00fcchenger\u00e4t wartet auf Sie.","breadcrumb":{"@id":"https:\/\/superblenders.com\/de\/product\/philips-taegliche-kollektion-hr7310-00\/#breadcrumb"},"inLanguage":"de","potentialAction":[{"@type":"ReadAction","target":["https:\/\/superblenders.com\/de\/product\/philips-taegliche-kollektion-hr7310-00\/"]}]},{"@type":"ImageObject","inLanguage":"de","@id":"https:\/\/superblenders.com\/de\/product\/philips-taegliche-kollektion-hr7310-00\/#primaryimage","url":"https:\/\/superblenders.com\/wp-content\/uploads\/2024\/12\/Philips-Daily-Collection-HR731000.webp","contentUrl":"https:\/\/superblenders.com\/wp-content\/uploads\/2024\/12\/Philips-Daily-Collection-HR731000.webp","width":231,"height":340,"caption":"Philips T\u00e4gliche Kollektion HR7310\/00"},{"@type":"BreadcrumbList","@id":"https:\/\/superblenders.com\/de\/product\/philips-taegliche-kollektion-hr7310-00\/#breadcrumb","itemListElement":[{"@type":"ListItem","position":1,"name":"Home","item":"https:\/\/superblenders.com\/de\/homepage\/"},{"@type":"ListItem","position":2,"name":"Shop","item":"https:\/\/superblenders.com\/shop\/"},{"@type":"ListItem","position":3,"name":"Philips T\u00e4gliche Kollektion HR7310\/00"}]},{"@type":"WebSite","@id":"https:\/\/superblenders.com\/#website","url":"https:\/\/superblenders.com\/","name":"Superblenders","description":"Ontdek de blenders van Superblenders. Altijd perfect resultaat. Gezond, smaakvol, eenvoudig en multifunctioneel. ","potentialAction":[{"@type":"SearchAction","target":{"@type":"EntryPoint","urlTemplate":"https:\/\/superblenders.com\/?s={search_term_string}"},"query-input":{"@type":"PropertyValueSpecification","valueRequired":true,"valueName":"search_term_string"}}],"inLanguage":"de"}]}},"_links":{"self":[{"href":"https:\/\/superblenders.com\/de\/wp-json\/wp\/v2\/product\/33351","targetHints":{"allow":["GET"]}}],"collection":[{"href":"https:\/\/superblenders.com\/de\/wp-json\/wp\/v2\/product"}],"about":[{"href":"https:\/\/superblenders.com\/de\/wp-json\/wp\/v2\/types\/product"}],"replies":[{"embeddable":true,"href":"https:\/\/superblenders.com\/de\/wp-json\/wp\/v2\/comments?post=33351"}],"version-history":[{"count":0,"href":"https:\/\/superblenders.com\/de\/wp-json\/wp\/v2\/product\/33351\/revisions"}],"wp:featuredmedia":[{"embeddable":true,"href":"https:\/\/superblenders.com\/de\/wp-json\/wp\/v2\/media\/33176"}],"wp:attachment":[{"href":"https:\/\/superblenders.com\/de\/wp-json\/wp\/v2\/media?parent=33351"}],"wp:term":[{"taxonomy":"product_brand","embeddable":true,"href":"https:\/\/superblenders.com\/de\/wp-json\/wp\/v2\/product_brand?post=33351"},{"taxonomy":"product_cat","embeddable":true,"href":"https:\/\/superblenders.com\/de\/wp-json\/wp\/v2\/product_cat?post=33351"},{"taxonomy":"product_tag","embeddable":true,"href":"https:\/\/superblenders.com\/de\/wp-json\/wp\/v2\/product_tag?post=33351"}],"curies":[{"name":"wp","href":"https:\/\/api.w.org\/{rel}","templated":true}]}}